{"id":286,"date":"2024-02-19T21:40:25","date_gmt":"2024-02-20T00:40:25","guid":{"rendered":"https:\/\/profchizzolini-sgo.infd.edu.ar\/sitio\/?page_id=286"},"modified":"2024-02-20T18:20:13","modified_gmt":"2024-02-20T21:20:13","slug":"inicio","status":"publish","type":"page","link":"https:\/\/profchizzolini-sgo.infd.edu.ar\/sitio\/","title":{"rendered":"Inicio"},"content":{"rendered":"<div id=\"metaslider-id-403\" style=\"width: 100%;\" class=\"ml-slider-3-33-0 metaslider metaslider-flex metaslider-403 ml-slider ms-theme-default\" role=\"region\" aria-roledescription=\"Slideshow\" aria-label=\"Slideshow\">\n    <div id=\"metaslider_container_403\">\n        <div id=\"metaslider_403\" class=\"flexslider\">\n            <ul aria-live=\"polite\" class=\"slides\">\n                <li style=\"display: block; width: 100%;\" class=\"slide-607 ms-image\" aria-roledescription=\"slide\" aria-label=\"slide-607\"><a href=\"https:\/\/mapa.infd.edu.ar\/\" target=\"_blank\"><img src=\"https:\/\/profchizzolini-sgo.infd.edu.ar\/sitio\/wp-content\/uploads\/2018\/06\/mapa_infd6-1100x200.png\" height=\"200\" width=\"1100\" alt=\"\" class=\"slider-403 slide-607\" title=\"mapa_infd6\" \/><\/a><\/li>\n                <li style=\"display: none; width: 100%;\" class=\"slide-609 ms-image\" aria-roledescription=\"slide\" aria-label=\"slide-609\"><a href=\"https:\/\/www.argentina.gob.ar\/educacion\/becas\" target=\"_blank\"><img src=\"https:\/\/profchizzolini-sgo.infd.edu.ar\/sitio\/wp-content\/uploads\/2018\/06\/becas7-1100x200.png\" height=\"200\" width=\"1100\" alt=\"\" class=\"slider-403 slide-609\" title=\"becas7\" \/><\/a><\/li>\n                <li style=\"display: none; width: 100%;\" class=\"slide-635 ms-image\" aria-roledescription=\"slide\" aria-label=\"slide-635\"><a href=\"https:\/\/www.argentina.gob.ar\/tema\/estudiar\/formacion-docencia\" target=\"_blank\"><img src=\"https:\/\/profchizzolini-sgo.infd.edu.ar\/sitio\/wp-content\/uploads\/2018\/06\/convocatorias_slide6-1-1100x200.png\" height=\"200\" width=\"1100\" alt=\"\" class=\"slider-403 slide-635\" title=\"convocatorias_slide6-1\" \/><\/a><\/li>\n            <\/ul>\n        <\/div>\n        \n    <\/div>\n<\/div>\n<blockquote>\n<h1 style=\"text-align: center;\"><strong><span style=\"color: #3e748e; font-family: arial, helvetica, sans-serif; font-size: large;\">Profesorado Superior Human\u00edstico T\u00e9cnico \u00abVittorino Chizzolini\u00bb<\/span><\/strong><\/h1>\n<h1 style=\"text-align: center;\"><strong><span style=\"color: #3e748e; font-family: arial, helvetica, sans-serif; font-size: large;\">\u00a1BIENVENIDOS!<\/span><\/strong><\/h1>\n<\/blockquote>\n<p>\u00a0 \u00a0 \u00a0 \u00a0 \u00a0 \u00a0 \u00a0 \u00a0 \u00a0 \u00a0 \u00a0 \u00a0 \u00a0 \u00a0 \u00a0 \u00a0 \u00a0 \u00a0 \u00a0 \u00a0 \u00a0 \u00a0 \u00a0 \u00a0 \u00a0 \u00a0 \u00a0 \u00a0 \u00a0 \u00a0 \u00a0 \u00a0 \u00a0 \u00a0 \u00a0 \u00a0 \u00a0 \u00a0 \u00a0 \u00a0 \u00a0 \u00a0 \u00a0 \u00a0 \u00a0 \u00a0 \u00a0 \u00a0 \u00a0 \u00a0 \u00a0 \u00a0 \u00a0 \u00a0 \u00a0 \u00a0 \u00a0 <img decoding=\"async\" loading=\"lazy\" class=\"alignnone size-full wp-image-1024\" src=\"https:\/\/profchizzolini-sgo.infd.edu.ar\/sitio\/wp-content\/uploads\/2022\/02\/descarga-1.jpg\" alt=\"Logo Instituto\" width=\"225\" height=\"225\" \/>\u00a0 \u00a0 \u00a0 \u00a0 \u00a0 \u00a0 \u00a0 \u00a0 \u00a0 \u00a0 \u00a0 <img decoding=\"async\" loading=\"lazy\" class=\"alignnone  wp-image-1025\" src=\"https:\/\/profchizzolini-sgo.infd.edu.ar\/sitio\/wp-content\/uploads\/2022\/02\/logo-final-color.jpg\" alt=\"\" width=\"165\" height=\"163\" \/><\/p>\n<p style=\"text-align: center;\"><strong><span style=\"font-size: 10pt; color: black; font-family: Verdana;\">E<\/span><span style=\"font-size: 10pt; color: black; font-family: Verdana;\">ste Instituto Superior de Formaci\u00f3n Docente forma parte del sistema de educaci\u00f3n p\u00fablica de gesti\u00f3n privada.<\/span><\/strong><\/p>\n<p style=\"text-align: center;\"><strong><span style=\"font-size: 10pt; color: black; font-family: Verdana;\">Pertenece a la Fundaci\u00f3n Casa de la Juventud, junto a otras 8 instituciones educativas en Santiago del Estero.<\/span><\/strong><\/p>\n<p><strong>\u00a0 <span style=\"font-size: 14pt; color: black; font-family: Verdana;\"><img decoding=\"async\" src=\"https:\/\/profchizzolini-sgo.infd.edu.ar\/sitio\/wp-content\/uploads\/2018\/06\/la_red.jpg\" alt=\"Red virtual\" align=\"left\" border=\"0\" hspace=\"10\" \/><\/span><span style=\"font-size: 10pt; color: black; font-family: Verdana;\">Junto con varios cientos de Institutos, integramos la <em><span style=\"font-family: Verdana;\">Red\u00a0Virtual de Institutos Superiores de Formaci\u00f3n Docente<\/span><\/em>\u00a0coordinada por el <span style=\"font-family: Verdana;\">INFD<\/span> (Instituto Nacional de Formaci\u00f3n Docente) dependiente del Ministerio de Educaci\u00f3n de la Naci\u00f3n Argentina.<\/span> <span style=\"font-size: 10pt; color: black; font-family: Verdana;\">\u00a0<\/span><\/strong><\/p>\n<p><strong>Es una instituci\u00f3n educativa que sigue brindando a la sociedad santiague\u00f1a calidad educativa y un servicio personalizado, basado en la formaci\u00f3n integral, en la pedagog\u00eda del amor, inspirada en el pedagogo italiano Vittorino Chizzolini, de quien lleva su nombre.<\/strong><\/p>\n<p><strong>Se busca formar j\u00f3venes y adultos con valores primordiales para la vida, que puedan desempe\u00f1arse con responsabilidad, con amor por lo que hacen, buscando la verdad, el bien com\u00fan, buscando desarrollar competencias y habilidades que hoy se necesitan, como ser la interdisciplina, el trabajo en equipo, el conocimiento disciplinar, la libertad, la expresi\u00f3n de ideas, todo esto se puede lograr con el estudio, con el esfuerzo y con la disposici\u00f3n para aprender\u2026\u201d En el instituto se cuenta con el servicio de biblioteca, departamento de capacitaci\u00f3n e investigaci\u00f3n, el consejo de estudiantes como \u00f3rgano participativo, y las \u00e1reas de pastoral incorporadas en su trayectoria educativa.\u00a0<\/strong><\/p>\n","protected":false},"excerpt":{"rendered":"<p>Profesorado Superior Human\u00edstico T\u00e9cnico \u00abVittorino Chizzolini\u00bb \u00a1BIENVENIDOS! \u00a0 \u00a0 \u00a0 \u00a0 \u00a0 \u00a0 \u00a0 \u00a0 \u00a0 \u00a0 \u00a0 \u00a0 \u00a0 \u00a0 \u00a0 \u00a0 \u00a0 \u00a0 \u00a0 \u00a0 \u00a0 \u00a0 \u00a0 \u00a0 \u00a0 \u00a0 \u00a0 \u00a0 \u00a0 \u00a0 \u00a0 \u00a0 \u00a0 \u00a0 \u00a0 \u00a0 \u00a0 \u00a0 \u00a0 \u00a0 \u00a0 \u00a0 \u00a0 \u00a0 \u00a0 \u00a0 \u00a0 \u00a0 &#8230; <a title=\"Inicio\" class=\"read-more\" href=\"https:\/\/profchizzolini-sgo.infd.edu.ar\/sitio\/\" aria-label=\"More on Inicio\">[+]<\/a><\/p>\n","protected":false},"author":625,"featured_media":0,"parent":0,"menu_order":0,"comment_status":"closed","ping_status":"closed","template":"","meta":[],"acf":[],"_links":{"self":[{"href":"https:\/\/profchizzolini-sgo.infd.edu.ar\/sitio\/wp-json\/wp\/v2\/pages\/286"}],"collection":[{"href":"https:\/\/profchizzolini-sgo.infd.edu.ar\/sitio\/wp-json\/wp\/v2\/pages"}],"about":[{"href":"https:\/\/profchizzolini-sgo.infd.edu.ar\/sitio\/wp-json\/wp\/v2\/types\/page"}],"author":[{"embeddable":true,"href":"https:\/\/profchizzolini-sgo.infd.edu.ar\/sitio\/wp-json\/wp\/v2\/users\/625"}],"replies":[{"embeddable":true,"href":"https:\/\/profchizzolini-sgo.infd.edu.ar\/sitio\/wp-json\/wp\/v2\/comments?post=286"}],"version-history":[{"count":83,"href":"https:\/\/profchizzolini-sgo.infd.edu.ar\/sitio\/wp-json\/wp\/v2\/pages\/286\/revisions"}],"predecessor-version":[{"id":1090,"href":"https:\/\/profchizzolini-sgo.infd.edu.ar\/sitio\/wp-json\/wp\/v2\/pages\/286\/revisions\/1090"}],"wp:attachment":[{"href":"https:\/\/profchizzolini-sgo.infd.edu.ar\/sitio\/wp-json\/wp\/v2\/media?parent=286"}],"curies":[{"name":"wp","href":"https:\/\/api.w.org\/{rel}","templated":true}]}}