{"id":768,"date":"2018-06-28T17:54:31","date_gmt":"2018-06-28T20:54:31","guid":{"rendered":"https:\/\/profchizzolini-sgo.infd.edu.ar\/sitio\/datos-institucionales\/"},"modified":"2024-12-11T21:29:53","modified_gmt":"2024-12-12T00:29:53","slug":"datos-institucionales","status":"publish","type":"page","link":"https:\/\/profchizzolini-sgo.infd.edu.ar\/sitio\/datos-institucionales\/","title":{"rendered":"Datos institucionales"},"content":{"rendered":"<blockquote>\n<h2 style=\"text-align: center;\"><span style=\"font-family: verdana; font-size: 14pt; color: #0000ff;\">PROFESORADO HUMANISTICO T\u00c9CNICO \u00abVITTORINO CHIZZOLINI\u00bb<\/span><\/h2>\n<p><span style=\"font-family: verdana; font-size: small;\">\u00a0<\/span><\/p>\n<ul>\n<li><span style=\"font-family: verdana; font-size: 12pt;\">Horarios de atenci\u00f3n: de 17:20 a 22:20 hs.<\/span><\/li>\n<li><span style=\"font-family: verdana; font-size: 12pt;\">Horarios de clases en prehora: 16:00hs.<\/span><\/li>\n<li><span style=\"font-family: verdana; font-size: 12pt;\">Direcci\u00f3n: <strong>San Juan 561- Santiago del Estero<\/strong><\/span><\/li>\n<li><span style=\"font-family: verdana; font-size: 12pt;\">Tel\u00e9fono: 0385-6024542<\/span><\/li>\n<li><span style=\"font-family: verdana; font-size: 12pt;\">Mail de contacto: <\/span><strong style=\"font-family: verdana; font-size: medium; color: inherit;\">profesoradovittorinochizzolini@gmail.com\u00a0<\/strong><\/li>\n<li>P\u00e1gina de Facebook: <a href=\"https:\/\/www.facebook.com\/Profesoradovittorinochizzolini\">https:\/\/www.facebook.com\/Profesoradovittorinochizzolini<\/a><\/li>\n<li>Instagram: @Prof_vittorino_chizzolini<\/li>\n<\/ul>\n<div><span style=\"font-family: verdana; font-size: medium;\"><strong>\u00a0<\/strong><\/span><\/div>\n<div><span style=\"font-family: verdana; font-size: medium;\"><strong>\u00a0 \u00a0 \u00a0 \u00a0 \u00a0<\/strong><\/span><\/div>\n<div><span style=\"font-family: verdana; font-size: medium;\"><strong>\u00a0 \u00a0<\/strong><\/span><\/div>\n<div><span style=\"font-family: verdana; font-size: medium;\"><strong>\u00a0 \u00a0 \u00a0 \u00a0 \u00a0 \u00a0 \u00a0 \u00a0 \u00a0 \u00a0 \u00a0 \u00a0\u00a0<\/strong><\/span><\/div>\n<\/blockquote>\n","protected":false},"excerpt":{"rendered":"<p>PROFESORADO HUMANISTICO T\u00c9CNICO \u00abVITTORINO CHIZZOLINI\u00bb \u00a0 Horarios de atenci\u00f3n: de 17:20 a 22:20 hs. Horarios de clases en prehora: 16:00hs. Direcci\u00f3n: San Juan 561- Santiago del Estero Tel\u00e9fono: 0385-6024542 Mail de contacto: profesoradovittorinochizzolini@gmail.com\u00a0 P\u00e1gina de Facebook: https:\/\/www.facebook.com\/Profesoradovittorinochizzolini Instagram: @Prof_vittorino_chizzolini \u00a0 \u00a0 \u00a0 \u00a0 \u00a0 \u00a0 \u00a0 \u00a0 \u00a0 \u00a0 \u00a0 \u00a0 \u00a0 \u00a0 \u00a0 \u00a0 &#8230; <a title=\"Datos institucionales\" class=\"read-more\" href=\"https:\/\/profchizzolini-sgo.infd.edu.ar\/sitio\/datos-institucionales\/\" aria-label=\"More on Datos institucionales\">[+]<\/a><\/p>\n","protected":false},"author":625,"featured_media":0,"parent":0,"menu_order":0,"comment_status":"closed","ping_status":"closed","template":"","meta":[],"acf":[],"_links":{"self":[{"href":"https:\/\/profchizzolini-sgo.infd.edu.ar\/sitio\/wp-json\/wp\/v2\/pages\/768"}],"collection":[{"href":"https:\/\/profchizzolini-sgo.infd.edu.ar\/sitio\/wp-json\/wp\/v2\/pages"}],"about":[{"href":"https:\/\/profchizzolini-sgo.infd.edu.ar\/sitio\/wp-json\/wp\/v2\/types\/page"}],"author":[{"embeddable":true,"href":"https:\/\/profchizzolini-sgo.infd.edu.ar\/sitio\/wp-json\/wp\/v2\/users\/625"}],"replies":[{"embeddable":true,"href":"https:\/\/profchizzolini-sgo.infd.edu.ar\/sitio\/wp-json\/wp\/v2\/comments?post=768"}],"version-history":[{"count":2,"href":"https:\/\/profchizzolini-sgo.infd.edu.ar\/sitio\/wp-json\/wp\/v2\/pages\/768\/revisions"}],"predecessor-version":[{"id":1116,"href":"https:\/\/profchizzolini-sgo.infd.edu.ar\/sitio\/wp-json\/wp\/v2\/pages\/768\/revisions\/1116"}],"wp:attachment":[{"href":"https:\/\/profchizzolini-sgo.infd.edu.ar\/sitio\/wp-json\/wp\/v2\/media?parent=768"}],"curies":[{"name":"wp","href":"https:\/\/api.w.org\/{rel}","templated":true}]}}