{"id":770,"date":"2022-03-02T20:34:04","date_gmt":"2022-03-02T23:34:04","guid":{"rendered":"https:\/\/profchizzolini-sgo.infd.edu.ar\/sitio\/docentes\/"},"modified":"2024-02-20T19:08:41","modified_gmt":"2024-02-20T22:08:41","slug":"docentes","status":"publish","type":"page","link":"https:\/\/profchizzolini-sgo.infd.edu.ar\/sitio\/docentes\/","title":{"rendered":"Docentes"},"content":{"rendered":"\n<p class=\"has-text-align-center\"><span style=\"text-decoration: underline;\"><span style=\"font-size: 12pt;\"><strong><span style=\"color: #993300; text-decoration: underline;\">Cuerpo Docente<\/span><\/strong><\/span><\/span><\/p>\n\n\n\n<div class=\"wp-block-group alignwide is-layout-flow\"><div class=\"wp-block-group__inner-container\">\n<div class=\"wp-block-group is-layout-flow\"><div class=\"wp-block-group__inner-container\">\n<h6 class=\"wp-block-heading\"><span style=\"font-size: 10pt;\">Acosta Enzo  (Bedel &#8211; Carrera Profesorado de Educaci\u00f3n Secundaria en Biolog\u00eda)<\/span><br><span style=\"font-size: 10pt;\">Albarrac\u00edn, Mar\u00eda Florencia<\/span><\/h6>\n\n\n\n<p>Adauto Cesar<\/p>\n\n\n\n<p><span style=\"font-size: 10pt;\"><strong>Am\u00edn, Eugenia<\/strong><\/span><\/p>\n\n\n\n<h6 class=\"wp-block-heading\"><span style=\"font-size: 10pt;\">Avalos, Federico<\/span><\/h6>\n\n\n\n<h6 class=\"wp-block-heading\"><span style=\"font-size: 10pt;\">Barraza, Bel\u00e9n<\/span><\/h6>\n\n\n\n<p>Barrera, Mar\u00eda<\/p>\n\n\n\n<h6 class=\"wp-block-heading\"><span style=\"font-size: 10pt;\">Bola\u00f1ez, Sandra<\/span> (Coordinadora de Carrera Prof. de Ed. Primaria)<br><span style=\"font-size: 10pt;\">Cruce\u00f1o, Rosana Gabriela <\/span><br><span style=\"font-size: 10pt;\">David de Palmisano Ang\u00e9lica<\/span><br><span style=\"font-size: 10pt;\">Di Piazza, Ana Ver\u00f3nica<\/span> (Biblioteca)<\/h6>\n\n\n\n<h6 class=\"wp-block-heading\">E<span style=\"font-size: 10pt;\">scudero, Germ\u00e1n<\/span><\/h6>\n\n\n\n<h6 class=\"wp-block-heading\"><span style=\"font-size: 10pt;\">Fern\u00e1ndez Salom, Axel<\/span><br><span style=\"font-size: 10pt;\">Gacioppo, Mar\u00eda Lourdes <\/span><br><span style=\"font-size: 10pt;\">Garc\u00eda Fattor, Mar\u00eda Eugenia<\/span><\/h6>\n\n\n\n<h6 class=\"wp-block-heading\"><span style=\"font-size: 10pt;\">Gonz\u00e1lez, Silvia Bel\u00e9n<\/span><br><span style=\"font-size: 10pt;\">Haro Pece, Eugenia \u00c1ngela<\/span><\/h6>\n\n\n\n<h6 class=\"wp-block-heading\"><span style=\"font-size: 10pt;\">Jaime, Marcela<\/span><\/h6>\n\n\n\n<h6 class=\"wp-block-heading\"><span style=\"font-size: 10pt;\">Ledesma, Beatriz<\/span><\/h6>\n\n\n\n<p>Gallardo Diego<\/p>\n\n\n\n<p>Esp\u00edndola, Mat\u00edas<\/p>\n\n\n\n<p>Ponce Luna, Matias<\/p>\n\n\n\n<p>Martin, Juan Pablo<\/p>\n\n\n\n<h6 class=\"wp-block-heading\"><span style=\"font-size: 10pt;\">Medina, M\u00f3nica<\/span><\/h6>\n\n\n\n<h6 class=\"wp-block-heading\"><span style=\"font-size: 10pt;\">Olivera, Luc\u00eda Josefina<\/span> (Coordinadora de Carrera Prof. en Ed. Sec. en Biolog\u00eda)<\/h6>\n\n\n\n<h6 class=\"wp-block-heading\"><span style=\"font-size: 10pt;\">Peralta, Alicia<\/span><\/h6>\n\n\n\n<h6 class=\"wp-block-heading\"><span style=\"font-size: 10pt;\">Robledo, Lu\u00eds Carlos (Bedel Profesorado de Educaci\u00f3n Primaria)<\/span><\/h6>\n\n\n\n<h6 class=\"wp-block-heading\">Ruiz Teresita<br><span style=\"font-size: 10pt;\">Salto, Silvia Susana<\/span><br><span style=\"font-size: 10pt;\">Saltos, Graciela Beatriz<\/span><br><span style=\"font-size: 10pt;\">Toloza, Raquel<\/span><\/h6>\n\n\n\n<h6 class=\"wp-block-heading\">Toloza M\u00f3nica<br><span style=\"font-size: 10pt;\">Trejo, N\u00e9stor<\/span><\/h6>\n\n\n\n<p><strong><span style=\"font-size: 10pt;\">Zamboni, Juan Agust\u00edn<\/span><\/strong><\/p>\n\n\n\n<p><\/p>\n<\/div><\/div>\n<\/div><\/div>\n\n\n\n<h6 class=\"wp-block-heading\">&nbsp;<\/h6>\n\n\n\n<p><\/p>\n","protected":false},"excerpt":{"rendered":"<p>Cuerpo Docente Acosta Enzo (Bedel &#8211; Carrera Profesorado de Educaci\u00f3n Secundaria en Biolog\u00eda)Albarrac\u00edn, Mar\u00eda Florencia Adauto Cesar Am\u00edn, Eugenia Avalos, Federico Barraza, Bel\u00e9n Barrera, Mar\u00eda Bola\u00f1ez, Sandra (Coordinadora de Carrera Prof. de Ed. Primaria)Cruce\u00f1o, Rosana Gabriela David de Palmisano Ang\u00e9licaDi Piazza, Ana Ver\u00f3nica (Biblioteca) Escudero, Germ\u00e1n Fern\u00e1ndez Salom, AxelGacioppo, Mar\u00eda Lourdes Garc\u00eda Fattor, Mar\u00eda Eugenia &#8230; <a title=\"Docentes\" class=\"read-more\" href=\"https:\/\/profchizzolini-sgo.infd.edu.ar\/sitio\/docentes\/\" aria-label=\"More on Docentes\">[+]<\/a><\/p>\n","protected":false},"author":640,"featured_media":0,"parent":0,"menu_order":0,"comment_status":"closed","ping_status":"closed","template":"","meta":[],"acf":[],"_links":{"self":[{"href":"https:\/\/profchizzolini-sgo.infd.edu.ar\/sitio\/wp-json\/wp\/v2\/pages\/770"}],"collection":[{"href":"https:\/\/profchizzolini-sgo.infd.edu.ar\/sitio\/wp-json\/wp\/v2\/pages"}],"about":[{"href":"https:\/\/profchizzolini-sgo.infd.edu.ar\/sitio\/wp-json\/wp\/v2\/types\/page"}],"author":[{"embeddable":true,"href":"https:\/\/profchizzolini-sgo.infd.edu.ar\/sitio\/wp-json\/wp\/v2\/users\/640"}],"replies":[{"embeddable":true,"href":"https:\/\/profchizzolini-sgo.infd.edu.ar\/sitio\/wp-json\/wp\/v2\/comments?post=770"}],"version-history":[{"count":3,"href":"https:\/\/profchizzolini-sgo.infd.edu.ar\/sitio\/wp-json\/wp\/v2\/pages\/770\/revisions"}],"predecessor-version":[{"id":1092,"href":"https:\/\/profchizzolini-sgo.infd.edu.ar\/sitio\/wp-json\/wp\/v2\/pages\/770\/revisions\/1092"}],"wp:attachment":[{"href":"https:\/\/profchizzolini-sgo.infd.edu.ar\/sitio\/wp-json\/wp\/v2\/media?parent=770"}],"curies":[{"name":"wp","href":"https:\/\/api.w.org\/{rel}","templated":true}]}}