{"id":777,"date":"2018-06-28T17:54:34","date_gmt":"2018-06-28T20:54:34","guid":{"rendered":"https:\/\/profchizzolini-sgo.infd.edu.ar\/sitio\/autoridades\/"},"modified":"2024-12-11T21:18:05","modified_gmt":"2024-12-12T00:18:05","slug":"autoridades","status":"publish","type":"page","link":"https:\/\/profchizzolini-sgo.infd.edu.ar\/sitio\/autoridades\/","title":{"rendered":"Autoridades"},"content":{"rendered":"<p style=\"text-align: center;\"><span style=\"font-family: arial, helvetica, sans-serif; font-size: medium;\"><strong><em><span style=\"text-decoration: underline;\">Rectora:<\/span> Prof. Alejandra\u00a0<\/em><\/strong><\/span><span style=\"font-family: arial, helvetica, sans-serif; font-size: medium;\"><b><i>Ben\u00edtez<\/i><\/b><\/span><\/p>\n<p style=\"text-align: center;\"><strong>Rec. Supl.<\/strong> :<span style=\"font-family: arial, helvetica, sans-serif; font-size: medium;\"><strong>Prof. M\u00f3nica Toloza<\/strong><\/span><\/p>\n<p>\u00a0<\/p>\n<p style=\"text-align: center;\"><span style=\"font-family: arial, helvetica, sans-serif; font-size: medium;\"><strong><em><span style=\"text-decoration: underline;\">Secretaria<\/span><\/em>: Prof. Carla Alzogaray<\/strong><\/span><span style=\"color: #cc6600; font-family: arial, helvetica, sans-serif; font-size: medium;\"><strong><img decoding=\"async\" class=\"aligncenter\" title=\"logo de 140 x 146\" src=\"https:\/\/profchizzolini-sgo.infd.edu.ar\/sitio\/wp-content\/uploads\/2018\/06\/logocolorprof-1_opt.jpg\" alt=\"logo de 140 x 146\" border=\"0\" \/><\/strong><\/span><\/p>\n<p style=\"text-align: center;\"><strong>Coordinadoras de Carrera:<\/strong><\/p>\n<p style=\"text-align: center;\"><strong>Profesorado de Educaci\u00f3n Primaria: Lic. Mar\u00eda Bel\u00e9n Carreras<\/strong><\/p>\n<p style=\"text-align: center;\">Correo Electr\u00f3nico: coordinacionchizzolinipep@gmail.com\u00a0<\/p>\n<p style=\"text-align: center;\"><strong>Profesorado de Educaci\u00f3n Secundaria en Biolog\u00eda: Prof. Lucia Olivera<\/strong><\/p>\n<p style=\"text-align: center;\">Correo Electr\u00f3nico: oliveralucijo118@gmail.com\u00a0<\/p>\n\n\n<p><\/p>\n","protected":false},"excerpt":{"rendered":"<p>Rectora: Prof. Alejandra\u00a0Ben\u00edtez Rec. Supl. :Prof. M\u00f3nica Toloza \u00a0 Secretaria: Prof. Carla Alzogaray Coordinadoras de Carrera: Profesorado de Educaci\u00f3n Primaria: Lic. Mar\u00eda Bel\u00e9n Carreras Correo Electr\u00f3nico: coordinacionchizzolinipep@gmail.com\u00a0 Profesorado de Educaci\u00f3n Secundaria en Biolog\u00eda: Prof. Lucia Olivera Correo Electr\u00f3nico: oliveralucijo118@gmail.com\u00a0<\/p>\n","protected":false},"author":198,"featured_media":0,"parent":0,"menu_order":0,"comment_status":"closed","ping_status":"closed","template":"","meta":[],"acf":[],"_links":{"self":[{"href":"https:\/\/profchizzolini-sgo.infd.edu.ar\/sitio\/wp-json\/wp\/v2\/pages\/777"}],"collection":[{"href":"https:\/\/profchizzolini-sgo.infd.edu.ar\/sitio\/wp-json\/wp\/v2\/pages"}],"about":[{"href":"https:\/\/profchizzolini-sgo.infd.edu.ar\/sitio\/wp-json\/wp\/v2\/types\/page"}],"author":[{"embeddable":true,"href":"https:\/\/profchizzolini-sgo.infd.edu.ar\/sitio\/wp-json\/wp\/v2\/users\/198"}],"replies":[{"embeddable":true,"href":"https:\/\/profchizzolini-sgo.infd.edu.ar\/sitio\/wp-json\/wp\/v2\/comments?post=777"}],"version-history":[{"count":3,"href":"https:\/\/profchizzolini-sgo.infd.edu.ar\/sitio\/wp-json\/wp\/v2\/pages\/777\/revisions"}],"predecessor-version":[{"id":1114,"href":"https:\/\/profchizzolini-sgo.infd.edu.ar\/sitio\/wp-json\/wp\/v2\/pages\/777\/revisions\/1114"}],"wp:attachment":[{"href":"https:\/\/profchizzolini-sgo.infd.edu.ar\/sitio\/wp-json\/wp\/v2\/media?parent=777"}],"curies":[{"name":"wp","href":"https:\/\/api.w.org\/{rel}","templated":true}]}}