{"id":779,"date":"2022-03-02T20:37:38","date_gmt":"2022-03-02T23:37:38","guid":{"rendered":"https:\/\/profchizzolini-sgo.infd.edu.ar\/sitio\/casa-de-la-juventud\/"},"modified":"2022-03-02T20:37:39","modified_gmt":"2022-03-02T23:37:39","slug":"casa-de-la-juventud","status":"publish","type":"page","link":"https:\/\/profchizzolini-sgo.infd.edu.ar\/sitio\/casa-de-la-juventud\/","title":{"rendered":"Casa de la Juventud"},"content":{"rendered":"<h2><span style=\"font-size: 10pt; color: #cc99ff;\"><strong>\u00bfQUI\u00c9NES SOMOS?<\/strong><\/span><\/h2>\n<h1><span style=\"font-size: 10pt;\">\u00a0<\/span><span style=\"font-size: 10pt;\">El Profesorado Superior Human\u00edstico T\u00e9cnico \u201cVittorino Chizzolini\u201d, pertenece a la Fundaci\u00f3n Casa de la Juventud. Es una instituci\u00f3n educativa, cultural y de formaci\u00f3n docente que imparte ense\u00f1anza sistem\u00e1tica de nivel superior no universitario, formando integralmente educadores profesionales. (Reg. Interno Cap. 1 Art. 1 al 3)<\/span><\/h1>\n<h1 style=\"text-align: center;\"><span style=\"font-size: 10pt;\">\u00a0<\/span><span style=\"font-size: 12pt; color: #800080;\"><strong>COMUNIDAD LAICAL CASA DE LA JUVENTUD<\/strong><\/span><\/h1>\n<p class=\"yiv903219437msonormal\"><strong>\u00a0<\/strong><span style=\"font-size: 10pt;\">La Comunidad Laical Casa de la Juventud (CLCJ) es una comunidad de j\u00f3venes y adultos que desde una espiritualidad, \u00a0viven la\u00a0 misi\u00f3n carism\u00e1tica personal y comunitariamente <strong>en una educaci\u00f3n integral con una\u00a0 opci\u00f3n con y para los ni\u00f1os, adolescentes y j\u00f3venes, desarrollando sus talentos en comuni\u00f3n, en solidaridad y corresponsabilidad, <\/strong>con sentido de pertenencia y orientados por un Proyecto Educativo- Pastoral, como parte del proyecto de Dios, que se fundamenta en la persona.<\/span><\/p>\n<p class=\"yiv903219437msonormal\"><span style=\"font-size: 10pt;\">La CLCJ se considera un <strong>movimiento educativo \u2013 pastoral<\/strong> de referencia hacia el territorio, la iglesia, las situaciones ambientales y\u00a0 a nivel internacional.<\/span><\/p>\n<p class=\"yiv903219437msonormal\"><span style=\"font-size: 10pt;\">El\u00a0 Carisma de la CLCJ\u00a0 es la Educaci\u00f3n Integral del joven en sus distintas etapas evolutivas, concibe a la Educaci\u00f3n como un Medio de Evangelizaci\u00f3n y de Promoci\u00f3n Humana desde una inspiraci\u00f3n carism\u00e1tica de la Beata Annunciata Cocchetti, con elementos pedag\u00f3gicos y did\u00e1cticos evang\u00e9licos, identificados con la Metodolog\u00eda de Cristo Buen Pastor, con un estilo: la correcci\u00f3n fraterna, la Amistad evang\u00e9lica, el acompa\u00f1amiento y la amorosa gu\u00eda, con ardor misionero, experiencia comunitaria de Cristo que se manifiesta en actitudes y gestos cotidianos.<\/span><\/p>\n<p><span style=\"font-size: 10pt;\">La Comunidad Laical desde sus \u00e1mbitos apost\u00f3licos est\u00e1 comprometida en la misi\u00f3n eclesial y social, en el territorio de inserci\u00f3n<\/span><\/p>\n<p><span style=\"font-size: 10pt;\">\u00a0Cada una de las personas y las diversas comunidades se ponen d\u00f3cilmente a la escucha de la realidad y a la escucha del Esp\u00edritu donde reciben la luz y la fuerza necesaria para cumplir la propia vocaci\u00f3n en el mundo y en la Iglesia.<\/span><\/p>\n<p><span style=\"font-size: 10pt;\">Los ambientes en los cuales interviene son tres:<\/span><\/p>\n<ul type=\"disc\">\n<li><span style=\"font-size: 10pt;\">la promoci\u00f3n humana,<\/span><\/li>\n<li><span style=\"font-size: 10pt;\">la educaci\u00f3n,<\/span><\/li>\n<li><span style=\"font-size: 10pt;\">la evangelizaci\u00f3n.<\/span><\/li>\n<\/ul>\n<p><span style=\"font-size: 10pt;\">Dirigi\u00e9ndose, de manera especial a los j\u00f3venes y a la gente sencilla del pueblo, los miembros de la CLCJ trabajan, ante todo, por crear <strong>las condiciones favorables<\/strong> para un crecimiento digno de las personas. Nacen as\u00ed muchas actividades de inserci\u00f3n en situaciones concreta de la sociedad.<\/span><\/p>\n<h1>\u00a0<strong style=\"color: #cc99ff; font-size: 10pt;\">\u00bfCU\u00c1L ES EL FIN DE NUESTRA TAREA EDUCATIVA?<\/strong><\/h1>\n<p><span style=\"font-size: 10pt;\"><strong>\u00a0<\/strong>Nuestra tarea educativa tiene como fin la humanizaci\u00f3n y personalizaci\u00f3n mediante la asimilaci\u00f3n de la cultura del saber y del trabajo, en forma sistem\u00e1tica y cr\u00edtica, desarrollando las virtudes conforme al esp\u00edritu evang\u00e9lico de la Comunidad Laical Casa de la Juventud y de Vittorino Chizzolini. (Reg. Interno Cap. II Art. 5 y 7; Cap. III Art. 10)<\/span><\/p>\n<p>P\u00e1gina de Facebook de la CLCJ: <a href=\"https:\/\/www.facebook.com\/casadelajuventudCLCJ\">https:\/\/www.facebook.com\/casadelajuventudCLCJ<\/a><\/p>\n<p>\u00a0<\/p>\n<p style=\"text-align: center;\"><span style=\"font-size: 10pt; color: #993300;\"><strong>\u00a0<\/strong><\/span><\/p>\n<p style=\"text-align: center;\"><span style=\"font-size: 12pt; color: #993300;\"><strong>\u00a0<\/strong><\/span><\/p>\n<p style=\"text-align: center;\">\u00a0<\/p>\n<p><span style=\"color: #cc6600; font-family: arial, helvetica, sans-serif; font-size: medium;\"><strong>\u00a0<\/strong><\/span><\/p>\n<p>\u00a0<\/p>\n\n\n<p><\/p>\n","protected":false},"excerpt":{"rendered":"<p>\u00bfQUI\u00c9NES SOMOS? \u00a0El Profesorado Superior Human\u00edstico T\u00e9cnico \u201cVittorino Chizzolini\u201d, pertenece a la Fundaci\u00f3n Casa de la Juventud. Es una instituci\u00f3n educativa, cultural y de formaci\u00f3n docente que imparte ense\u00f1anza sistem\u00e1tica de nivel superior no universitario, formando integralmente educadores profesionales. (Reg. Interno Cap. 1 Art. 1 al 3) \u00a0COMUNIDAD LAICAL CASA DE LA JUVENTUD \u00a0La Comunidad &#8230; <a title=\"Casa de la Juventud\" class=\"read-more\" href=\"https:\/\/profchizzolini-sgo.infd.edu.ar\/sitio\/casa-de-la-juventud\/\" aria-label=\"More on Casa de la Juventud\">[+]<\/a><\/p>\n","protected":false},"author":640,"featured_media":1025,"parent":0,"menu_order":0,"comment_status":"closed","ping_status":"closed","template":"","meta":[],"acf":[],"_links":{"self":[{"href":"https:\/\/profchizzolini-sgo.infd.edu.ar\/sitio\/wp-json\/wp\/v2\/pages\/779"}],"collection":[{"href":"https:\/\/profchizzolini-sgo.infd.edu.ar\/sitio\/wp-json\/wp\/v2\/pages"}],"about":[{"href":"https:\/\/profchizzolini-sgo.infd.edu.ar\/sitio\/wp-json\/wp\/v2\/types\/page"}],"author":[{"embeddable":true,"href":"https:\/\/profchizzolini-sgo.infd.edu.ar\/sitio\/wp-json\/wp\/v2\/users\/640"}],"replies":[{"embeddable":true,"href":"https:\/\/profchizzolini-sgo.infd.edu.ar\/sitio\/wp-json\/wp\/v2\/comments?post=779"}],"version-history":[{"count":1,"href":"https:\/\/profchizzolini-sgo.infd.edu.ar\/sitio\/wp-json\/wp\/v2\/pages\/779\/revisions"}],"predecessor-version":[{"id":1044,"href":"https:\/\/profchizzolini-sgo.infd.edu.ar\/sitio\/wp-json\/wp\/v2\/pages\/779\/revisions\/1044"}],"wp:featuredmedia":[{"embeddable":true,"href":"https:\/\/profchizzolini-sgo.infd.edu.ar\/sitio\/wp-json\/wp\/v2\/media\/1025"}],"wp:attachment":[{"href":"https:\/\/profchizzolini-sgo.infd.edu.ar\/sitio\/wp-json\/wp\/v2\/media?parent=779"}],"curies":[{"name":"wp","href":"https:\/\/api.w.org\/{rel}","templated":true}]}}