{"id":790,"date":"2022-03-02T20:50:21","date_gmt":"2022-03-02T23:50:21","guid":{"rendered":"https:\/\/profchizzolini-sgo.infd.edu.ar\/sitio\/horarios-de-clases-profesorado-en-educacion-primaria\/"},"modified":"2022-03-08T18:43:24","modified_gmt":"2022-03-08T21:43:24","slug":"horarios-de-clases-profesorado-en-educacion-primaria","status":"publish","type":"page","link":"https:\/\/profchizzolini-sgo.infd.edu.ar\/sitio\/horarios-de-clases-profesorado-en-educacion-primaria\/","title":{"rendered":"Horarios de Clases PROFESORADO DE EDUCACION PRIMARIA 2022"},"content":{"rendered":"\n<p><\/p>\n\n\n<p><strong><em><u>PROFESORADO DE EDUCACI\u00d3N PRIMARIA 2022 &#8211; PRIMER CUATRIMESTRE<br><\/u><\/em><\/strong><\/p>\n\n\n<p><strong><em><u>PRIMER A\u00d1O (IC)<\/u><\/em><\/strong><\/p>\n\n\n\n<figure class=\"wp-block-table is-style-regular\"><table class=\"has-subtle-pale-blue-background-color has-background\"><tbody><tr><td>&nbsp;<\/td><td>&nbsp;<\/td><td><strong>LUNES<\/strong><\/td><td><strong>MARTES<\/strong><\/td><td><strong>MI\u00c9RCOLES<\/strong><\/td><td><strong>JUEVES<\/strong><\/td><td><strong>VIERNES<\/strong><\/td><\/tr><tr><td><strong>16<\/strong> <strong>17,20<\/strong><\/td><td>&nbsp;<\/td><td>&nbsp;<\/td><td>&nbsp;<\/td><td>PEDAGOG\u00cdA<br>(Nestor Trejo) 16,40<\/td><td>PSICOLOG\u00cdA<br>EDUCACIONAL<br>(Gacioppo)<\/td><td>&nbsp;<\/td><\/tr><tr><td><strong>17,20<\/strong> <strong>18<\/strong><\/td><td><strong>1<\/strong><\/td><td>TEOLOG\u00cdA I<br>(Raquel Toloza)<\/td><td>DIDACTICA<br>GENERAL<br>(David Ang\u00e9lica)<\/td><td>PEDAGOG\u00cdA<br>(Nestor Trejo)<\/td><td>PSICOLOG\u00cdA<br>EDUCACIONAL<br>(Gacioppo)<\/td><td>LENGUA Y<br>LITERATURA<br>(Garc\u00eda Fattor E.)<\/td><\/tr><tr><td><strong>18<\/strong> <strong>18,40<\/strong><\/td><td><strong>2<\/strong><\/td><td>TEOLOG\u00cdA I<br>(Raquel Toloza)<\/td><td>DIDACTICA<br>GENERAL<br>(David Ang\u00e9lica)<\/td><td>PEDAGOG\u00cdA<br>(Nestor Trejo)<\/td><td>PEDAGOG\u00cdA<br>(N\u00e9stor Trejo)<\/td><td>LENGUA Y<br>LITERATURA<br>(Garc\u00eda Fattor E.)<\/td><\/tr><tr><td><strong>18.40<\/strong> <strong>19,20<\/strong><\/td><td><strong>3<\/strong><\/td><td>DIDACTICA GRAL<br>(David Ang\u00e9lica)<\/td><td>PRACTICA I<br>(Bola\u00f1ez S)<\/td><td>ALFABETIZACI\u00d3N<br>ACAD\u00c9MICA (Garc\u00eda Fattor)<\/td><td>PEDAGOG\u00cdA<br>(N\u00e9stor Trejo)<\/td><td>LENGUA Y<br>LITERATURA<br>(Garc\u00eda Fattor E.)<\/td><\/tr><tr><td><strong>19,30<\/strong> <strong>20,10<\/strong><\/td><td><strong>4<\/strong><\/td><td>DIDACTICA GRAL<br>(David Ang\u00e9lica)<\/td><td>PRACTICA I<br>(Bola\u00f1ez S)<\/td><td>ALFABETIZACI\u00d3N<br>ACAD\u00c9MICA (Garc\u00eda Fattor)<\/td><td>PEDAGOG\u00cdA<br>(N\u00e9stor Trejo)<\/td><td>ALFABETIZACI\u00d3N<br>ACAD\u00c9MICA (Garc\u00eda Fattor)<\/td><\/tr><tr><td><strong>20.10<\/strong> <strong>20,50<\/strong> <strong>&nbsp;<\/strong><\/td><td><strong>5<\/strong><\/td><td>PRACTICA I<br>(Bola\u00f1ez S)<\/td><td>Cs. SOCIALES<br>(Juan Zamboni)<\/td><td>MATEM\u00c1TICA<br>(Natalia Bravo)<\/td><td>CS. NATURALES<br>Gonz\u00e1lez Bel\u00e9n)<\/td><td>PSICOLOG\u00cdA<br>EDUCACIONAL<br>Gacioppo)<\/td><\/tr><tr><td><strong>21,00<\/strong> <strong>21,40<\/strong><\/td><td><strong>6<\/strong><\/td><td>PRACTICA I<br>(Bola\u00f1ez S)<\/td><td>Cs. SOCIALES<br>(Juan Zamboni)<\/td><td>MATEM\u00c1TICA<br>(Natalia Bravo)<\/td><td>CS. NATURALES<br>Gonz\u00e1lez Bel\u00e9n)<\/td><td>PSICOLOG\u00cdA<br>EDUCACIONAL<\/td><\/tr><tr><td>&nbsp; <strong>21.40<\/strong> <strong>22,20<\/strong><\/td><td><strong>7<\/strong><\/td><td>&nbsp;<\/td><td>Cs. SOCIALES<br>(Juan Zamboni)<\/td><td>MATEM\u00c1TICA<br>(Natalia Bravo)<\/td><td>CS. NATURALES<br>Gonz\u00e1lez Bel\u00e9n)<\/td><td>PSICOLOG\u00cdA<br>EDUCACIONAL<\/td><\/tr><\/tbody><\/table><\/figure>\n\n\n\n<p><strong><em><u>PROFESORADO DE EDUCACI\u00d3N PRIMARIA 2022- SEGUNDO A\u00d1O<\/u><\/em><\/strong><\/p>\n\n\n\n<figure class=\"wp-block-table is-style-regular\"><table class=\"has-subtle-pale-blue-background-color has-background\"><tbody><tr><td>&nbsp;<\/td><td>&nbsp;<\/td><td><strong>LUNES<\/strong><\/td><td><strong>MARTES<\/strong><\/td><td><strong>MI\u00c9RCOLES<\/strong><\/td><td><strong>JUEVES<\/strong><\/td><td><strong>VIERNES<\/strong><\/td><\/tr><tr><td><strong>16<\/strong> <strong>17,20<\/strong><\/td><td>&nbsp;<\/td><td>TEOLOG\u00cdA II (Yonatan C)<\/td><td>&nbsp;<\/td><td>PRACTICA II ( P Rajal)<\/td><td>&nbsp;<\/td><td>EDUCACION F\u00cdSICA<\/td><\/tr><tr><td><strong>17,20<\/strong> <strong>18<\/strong><\/td><td><strong>1<\/strong><\/td><td>SUJETO NIVEL PRIMARIO (Sandra B)<\/td><td>DIDACTICA MATEM\u00c1TICA &nbsp;<\/td><td>HISTORIA ARGENTINA (Juan Z)<\/td><td>EDUC F\u00cdSICA (Leguizamon) &nbsp;<\/td><td>EDUCACION F\u00cdSICA &nbsp;<\/td><\/tr><tr><td><strong>18<\/strong> <strong>18,40<\/strong><\/td><td><strong>2<\/strong><\/td><td>SUJETO NIVEL PRIMARIO (Sandra Bola\u00f1ez)<\/td><td>DIDACTICA MATEM\u00c1TICA<\/td><td>HISTORIA ARGENTINA<\/td><td>EDUCACION F\u00cdSICA<\/td><td>PRACTICA II ( P Rajal)<\/td><\/tr><tr><td><strong>18.40<\/strong> <strong>19,20<\/strong><\/td><td><strong>3<\/strong><\/td><td>HISTORIA ARGENTINA (Zamboni) &nbsp;<\/td><td>SOCIOLOG\u00cdA EDUCACION (Ramona Ruiz)<\/td><td>SOCIOLOG\u00cdA EDUCACION<\/td><td>EDUCACION F\u00cdSICA<\/td><td>PRACTICA II (P Rajal)<\/td><\/tr><tr><td><strong>19,30<\/strong> <strong>20,10<\/strong><\/td><td><strong>4<\/strong><\/td><td>HISTORIA ARGENTINA (Juan Z)<\/td><td>SOCIOLOG\u00cdA&nbsp;&nbsp; EDUCACION &nbsp;<\/td><td>SOCIOLOG\u00cdA&nbsp;&nbsp;&nbsp;&nbsp;&nbsp; EDUCACION &nbsp;<\/td><td>DIDACTICA LENGUA &nbsp;<\/td><td>PRACTICA II<\/td><\/tr><tr><td>&nbsp; <strong>20.10<\/strong> <strong>20,50<\/strong><\/td><td><strong>5<\/strong><\/td><td>DIDACTICA LENGUA (M Medina)<\/td><td>SOCIOLOG\u00cdA EDUCACION<\/td><td>SOCIOLOG\u00cdA EDUCACION<\/td><td>DIDACTICA LENGUA &nbsp;<\/td><td>EDUCACION TECNOL\u00d3GICA<\/td><\/tr><tr><td><strong>21,00<\/strong> <strong>21,40<\/strong><\/td><td><strong>6<\/strong><\/td><td>&nbsp; DIDACTICA LENGUA<\/td><td>SUJETO NIVEL PRIMARIO (S Bola\u00f1ez)<\/td><td>DIDACTICA MATEM\u00c1TICA (M Domski) &nbsp;<\/td><td>&nbsp;<\/td><td>EDUCACION TECNOL\u00d3GICA Escudero<\/td><\/tr><tr><td>&nbsp; <strong>21.40<\/strong> <strong>22,20<\/strong><\/td><td><strong>7<\/strong><\/td><td>&nbsp;<\/td><td>SUJETO NIVEL PRIMARIO<\/td><td>DIDACTICA MATEM\u00c1TICA<\/td><td>&nbsp;<\/td><td>EDUCACION TECNOL\u00d3GICA<\/td><\/tr><\/tbody><\/table><\/figure>\n\n\n\n<p><strong><em><u>PROFESORADO DE EDUCACI\u00d3N PRIMARIA 2022\u2013 TERCER A\u00d1O\u00a0 (1C)<\/u><\/em><\/strong><\/p>\n\n\n\n<figure class=\"wp-block-table is-style-regular\"><table class=\"has-subtle-pale-blue-background-color has-background\"><tbody><tr><td>&nbsp;<\/td><td>&nbsp;<\/td><td><strong>LUNES<\/strong><\/td><td><strong>MARTES<\/strong><\/td><td><strong>MI\u00c9RCOLES<\/strong><\/td><td><strong>JUEVES<\/strong><\/td><td><strong>VIERNES<\/strong><\/td><\/tr><tr><td><strong>16<\/strong> <strong>17,20<\/strong><\/td><td>&nbsp;<\/td><td>&nbsp;<\/td><td>&nbsp;<\/td><td>&nbsp;EDI: PROD. DE RECURSOS<br>DID\u00c1CTICOS<\/td><td>&nbsp;<\/td><td>&nbsp;<\/td><\/tr><tr><td><strong>17,20<\/strong> <strong>18<\/strong><\/td><td><strong>1<\/strong><\/td><td>ALFABETIZACI\u00d3N<br>INICIAL (Medina M)<\/td><td>TEOLOG\u00cdA III<br>( Yonatan) C<\/td><td>EDI: PROD DE RECURSOS<br>DID\u00c1CTICOS<\/td><td>DIDACTICA DE LAS CS. SOCIALES (Olivera Lucia)<\/td><td>&nbsp;<\/td><\/tr><tr><td><strong>18<\/strong> <strong>18,40<\/strong><\/td><td><strong>2<\/strong><\/td><td>ALFABETIZACI\u00d3N<br>INICIAL &nbsp;(Medina M)<\/td><td>TEOLOG\u00cdA III<br>( Yonatan) C<\/td><td>FORMACI\u00d3N \u00c9TICA Y CIUD (Salto S)<\/td><td>DIDACTICA DE LAS CS. SOCIALES (Olivera L)<\/td><td>PRACTICA III ( Beatriz L)<\/td><\/tr><tr><td><strong>18.40<\/strong> <strong>19,20<\/strong><\/td><td><strong>3<\/strong><\/td><td>EXPRESI\u00d3N ART PL\u00c1STICA (Avalos F.)<\/td><td>EXPRESI\u00d3N ART PL\u00c1STICA<\/td><td>FORMACI\u00d3N \u00c9TICA Y CIUDADANA<\/td><td>DIDACTICA DE LAS CS. NATURALES (Albarrac\u00edn Flor)<\/td><td>PRACTICA III&nbsp; (Beatriz) L<\/td><\/tr><tr><td><strong>19,30<\/strong> <strong>20,10<\/strong><\/td><td><strong>4<\/strong><\/td><td>EXPRESI\u00d3N ART PL\u00c1STICA (Avalos F.)<\/td><td>EXPRESI\u00d3N ART\u00cdSTICA PLAST<\/td><td>ALFABETIZACI\u00d3N<br>INICIAL (Medina)<\/td><td>DIDACTICA DE LAS CS. NATURALES (Albarrac\u00edn Flor)<\/td><td>PRACTICA III ( Beatriz L)<\/td><\/tr><tr><td><strong>20.10<\/strong> <strong>20,50<\/strong><\/td><td><strong>5<\/strong><\/td><td>EXPRESI\u00d3N ART PL\u00c1STICA (Avalos F.)<\/td><td>EXPRES ARTIS PL\u00c1STICA (Avalos F)<\/td><td>ALFAB INICIAL (Monica M)<\/td><td>EDI: PROD. DE RECURSOS<br>DID\u00c1CTICOS<\/td><td>PRACTICA III ( Beatriz) L<\/td><\/tr><tr><td><strong>21,00<\/strong> <strong>21,40<\/strong><\/td><td><strong>6<\/strong><\/td><td>DIDACTICA DE LAS CS. SOCIALES (Olivera J)<\/td><td>FORMACI\u00d3N \u00c9TICA Y&nbsp; CIUD<\/td><td>PRACTICA III (Ledesma B)<\/td><td>EDI: PROD. DE RECURSOS<br>DID\u00c1CTICOS<\/td><td>DIDACTICA DE LAS CS. Ns&nbsp; (Albarrac\u00edn Flor<\/td><\/tr><tr><td><strong>21.40<\/strong> <strong>22,20<\/strong><\/td><td><strong>7<\/strong><\/td><td>DIDACTICA DE LAS CS. SOCIALES (Lucia O)<\/td><td>FORMACI\u00d3N \u00c9TICA Y CIUDADANA (Salto Silvia )<\/td><td>PRACTICA III (Beatriz) L<\/td><td>EDI: PROD. DE RECURSOS<br>DID\u00c1CTICOS<\/td><td>DIDACTICA DE LAS CS. NATURALES (Albarrac\u00edn Flor)<\/td><\/tr><\/tbody><\/table><\/figure>\n\n\n\n<p><strong><em>\u00a0\u00a0\u00a0\u00a0\u00a0\u00a0\u00a0\u00a0\u00a0\u00a0\u00a0\u00a0\u00a0\u00a0\u00a0\u00a0\u00a0\u00a0\u00a0\u00a0\u00a0\u00a0\u00a0\u00a0\u00a0\u00a0 <u>\u00a0\u00a0\u00a0\u00a0PROFESORADO DE EDUCACI\u00d3N PRIMARIA 2022- CUARTO A\u00d1O (1C)<\/u><\/em><\/strong><\/p>\n\n\n\n<figure class=\"wp-block-table is-style-regular\"><table class=\"has-subtle-pale-blue-background-color has-background\"><tbody><tr><td>&nbsp;<\/td><td>&nbsp;<\/td><td><strong>LUNES<\/strong><\/td><td><strong>MARTES<\/strong><\/td><td><strong>MI\u00c9RCOLES<\/strong><\/td><td><strong>JUEVES<\/strong><\/td><td><strong>VIERNES<\/strong><\/td><\/tr><tr><td><strong>17,20<\/strong> <strong>18<\/strong><\/td><td><strong>1<\/strong><\/td><td>CONDICI\u00d3N DEL<br>TRABAJO DOC (Jaime Marcela)<\/td><td>CONDICI\u00d3N DEL<br>TRABAJO DOC (Jaime Marcela)<\/td><td>&nbsp;<\/td><td>\u00c9TICA Y DEONTOLOG\u00cdA PROFESIONAL (Raquel T))<\/td><td>&nbsp;<\/td><\/tr><tr><td><strong>18<\/strong> <strong>18,40<\/strong><\/td><td><strong>2<\/strong><\/td><td>CONDICI\u00d3N DEL<br>TRABAJO DOC (Jaime Marcela)<\/td><td>CONDICI\u00d3N DEL<br>TRABAJO DOC (Jaime Marcela)<\/td><td>&nbsp;<\/td><td>\u00c9TICA Y DEONTOLOG\u00cdA PROFESIONAL (Raquel T)<\/td><td>&nbsp;<\/td><\/tr><tr><td><strong>18.40<\/strong> <strong>19,20<\/strong><\/td><td><strong>3<\/strong><\/td><td>\u00c9TICA Y DEONTOLOG\u00cdA PROFESIONAL (Raquel T)<\/td><td>TEOLOG\u00cdA IV&nbsp; ( Yonatan) C<\/td><td>&nbsp;<\/td><td>RESIDENCIA<\/td><td>&nbsp;<\/td><\/tr><tr><td><strong>19,30<\/strong> <strong>20,10<\/strong><\/td><td><strong>4<\/strong><\/td><td>\u00c9TICA Y DEONTOLOG\u00cdA PROFESIONAL (Raquel T)<\/td><td>TEOLOG\u00cdA IV ( Yonatan) C<\/td><td>&nbsp;<\/td><td>RESIDENCIA<\/td><td>&nbsp;<\/td><\/tr><tr><td><strong>20.10<\/strong> <strong>20,50<\/strong><\/td><td><strong>5<\/strong><\/td><td>RESIDENCIA (Graciela Saltos)<\/td><td>RESIDENCIA<\/td><td>&nbsp;<\/td><td>RESIDENCIA<\/td><td>&nbsp;<\/td><\/tr><tr><td><strong>21,00<\/strong> <strong>21,40<\/strong><\/td><td><strong>6<\/strong><\/td><td>RESIDENCIA<\/td><td>RESIDENCIA<\/td><td>&nbsp;<\/td><td>&nbsp;<\/td><td>&nbsp;<\/td><\/tr><tr><td><strong>21.40<\/strong> <strong>22,20<\/strong><\/td><td><strong>7<\/strong><\/td><td>RESIDENCIA<\/td><td>RESIDENCIA<\/td><td>&nbsp;<\/td><td>&nbsp;<\/td><td>&nbsp;<\/td><\/tr><\/tbody><\/table><\/figure>\n","protected":false},"excerpt":{"rendered":"<p>PROFESORADO DE EDUCACI\u00d3N PRIMARIA 2022 &#8211; PRIMER CUATRIMESTRE PRIMER A\u00d1O (IC) &nbsp; &nbsp; LUNES MARTES MI\u00c9RCOLES JUEVES VIERNES 16 17,20 &nbsp; &nbsp; &nbsp; PEDAGOG\u00cdA(Nestor Trejo) 16,40 PSICOLOG\u00cdAEDUCACIONAL(Gacioppo) &nbsp; 17,20 18 1 TEOLOG\u00cdA I(Raquel Toloza) DIDACTICAGENERAL(David Ang\u00e9lica) PEDAGOG\u00cdA(Nestor Trejo) PSICOLOG\u00cdAEDUCACIONAL(Gacioppo) LENGUA YLITERATURA(Garc\u00eda Fattor E.) 18 18,40 2 TEOLOG\u00cdA I(Raquel Toloza) DIDACTICAGENERAL(David Ang\u00e9lica) PEDAGOG\u00cdA(Nestor Trejo) PEDAGOG\u00cdA(N\u00e9stor Trejo) &#8230; <a title=\"Horarios de Clases PROFESORADO DE EDUCACION PRIMARIA 2022\" class=\"read-more\" href=\"https:\/\/profchizzolini-sgo.infd.edu.ar\/sitio\/horarios-de-clases-profesorado-en-educacion-primaria\/\" aria-label=\"More on Horarios de Clases PROFESORADO DE EDUCACION PRIMARIA 2022\">[+]<\/a><\/p>\n","protected":false},"author":625,"featured_media":1006,"parent":0,"menu_order":0,"comment_status":"closed","ping_status":"closed","template":"","meta":[],"acf":[],"_links":{"self":[{"href":"https:\/\/profchizzolini-sgo.infd.edu.ar\/sitio\/wp-json\/wp\/v2\/pages\/790"}],"collection":[{"href":"https:\/\/profchizzolini-sgo.infd.edu.ar\/sitio\/wp-json\/wp\/v2\/pages"}],"about":[{"href":"https:\/\/profchizzolini-sgo.infd.edu.ar\/sitio\/wp-json\/wp\/v2\/types\/page"}],"author":[{"embeddable":true,"href":"https:\/\/profchizzolini-sgo.infd.edu.ar\/sitio\/wp-json\/wp\/v2\/users\/625"}],"replies":[{"embeddable":true,"href":"https:\/\/profchizzolini-sgo.infd.edu.ar\/sitio\/wp-json\/wp\/v2\/comments?post=790"}],"version-history":[{"count":8,"href":"https:\/\/profchizzolini-sgo.infd.edu.ar\/sitio\/wp-json\/wp\/v2\/pages\/790\/revisions"}],"predecessor-version":[{"id":1056,"href":"https:\/\/profchizzolini-sgo.infd.edu.ar\/sitio\/wp-json\/wp\/v2\/pages\/790\/revisions\/1056"}],"wp:featuredmedia":[{"embeddable":true,"href":"https:\/\/profchizzolini-sgo.infd.edu.ar\/sitio\/wp-json\/wp\/v2\/media\/1006"}],"wp:attachment":[{"href":"https:\/\/profchizzolini-sgo.infd.edu.ar\/sitio\/wp-json\/wp\/v2\/media?parent=790"}],"curies":[{"name":"wp","href":"https:\/\/api.w.org\/{rel}","templated":true}]}}