{"id":792,"date":"2022-03-02T20:54:05","date_gmt":"2022-03-02T23:54:05","guid":{"rendered":"https:\/\/profchizzolini-sgo.infd.edu.ar\/sitio\/horarios-de-clases-profesorado-en-biologia\/"},"modified":"2022-03-08T18:40:22","modified_gmt":"2022-03-08T21:40:22","slug":"horarios-de-clases-profesorado-en-biologia","status":"publish","type":"page","link":"https:\/\/profchizzolini-sgo.infd.edu.ar\/sitio\/horarios-de-clases-profesorado-en-biologia\/","title":{"rendered":"Horarios de Clases PROFESORADO EN BIOLOGIA 2022"},"content":{"rendered":"\n<div class=\"wp-block-group has-background\" style=\"background:linear-gradient(135deg,rgb(209,234,170) 0%,rgb(113,206,126) 100%)\"><div class=\"wp-block-group__inner-container is-layout-flow\">\n<p><strong><em><u>PROFESORADO DE BIOLOG\u00cdA 2022 &#8211; PRIMER A\u00d1O- (1C)<\/u><\/em><\/strong><\/p>\n\n\n\n<figure class=\"wp-block-table is-style-regular\"><table><tbody><tr><td>&nbsp;<\/td><td>&nbsp;<\/td><td><strong>LUNES<\/strong><\/td><td><strong>MARTES<\/strong><\/td><td><strong>MI\u00c9RCOLES<\/strong><\/td><td><strong>JUEVES<\/strong><\/td><td><strong>VIERNES<\/strong><\/td><\/tr><tr><td><strong>16<\/strong> <strong>17,20<\/strong><\/td><td><strong>P<\/strong> <strong>&nbsp;<\/strong><\/td><td>&nbsp;<\/td><td><strong>&nbsp;<\/strong><\/td><td>&nbsp;<\/td><td>PRACTICA I (Trejo)(2hs)<\/td><td>&nbsp;<\/td><\/tr><tr><td><strong>17,20<\/strong> <strong>18<\/strong><\/td><td><strong>1<\/strong><\/td><td>PEDAGOG\u00cdA (Gacioppo)<\/td><td>QU\u00cdMICA (Haro Pece)<\/td><td>MATEM\u00c1TICA ( Canavides)<\/td><td>ALFABETIZACI\u00d3N (E.Garcia Fattor))<\/td><td>&nbsp;&nbsp;&nbsp;&nbsp;&nbsp;&nbsp; PEDAGOG\u00cdA ( Gacioppo)<\/td><\/tr><tr><td><strong>18<\/strong> <strong>18,40<\/strong><\/td><td><strong>2<\/strong><\/td><td>PEDAGOG\u00cdA (Gacioppo)<\/td><td>QU\u00cdMICA (Haro Pece)<\/td><td>MATEM\u00c1TICA ( Canavides)<\/td><td>ALFABETIZACI\u00d3N (M\u00f3nica Medina)<\/td><td>PEDAGOG\u00cdA ( Gacioppo)<\/td><\/tr><tr><td><strong>18,40<\/strong> <strong>19,20<\/strong><\/td><td><strong>3<\/strong><\/td><td>PEDAGOG\u00cdA (Gacioppo)<\/td><td>PRACTICA I (Trejo)<\/td><td>BIOLOG\u00cdA ( Albarrac\u00edn)<\/td><td>ALFABETIZACI\u00d3N (M\u00f3nica Medina)<\/td><td>PEDAGOG\u00cdA ( Gacioppo)<\/td><\/tr><tr><td><strong>19,30<\/strong> <strong>20,10<\/strong><\/td><td><strong>4<\/strong><\/td><td>CS. TIERRA (Olivera)<\/td><td>PRACTICA I (Trejo)<\/td><td>BIOLOG\u00cdA ( Albarrac\u00edn)<\/td><td>Cs. TIERRA (Olivera)<\/td><td>HISTORIA ARGENTINA (Barraza)<\/td><\/tr><tr><td><strong>20.10<\/strong> <strong>20,50<\/strong><\/td><td><strong>5<\/strong><\/td><td>CS. TIERRA (Olivera)<\/td><td>MATEM\u00c1TICA ( Canavides)<\/td><td>BIOLOG\u00cdA ( Albarrac\u00edn)<\/td><td>Cs. TIERRA (Olivera)<\/td><td>HISTORIA ARGENTINA (Barraza)<\/td><\/tr><tr><td><strong>21,00<\/strong> <strong>21,40<\/strong><\/td><td><strong>6<\/strong><\/td><td>HISTORIA ARGENTINA (Barraza)<\/td><td>MATEM\u00c1TICA ( Canavides)<\/td><td>TEOLOG\u00cdA (Raquel T)<\/td><td>BIOLOG\u00cdA ( Albarrac\u00edn)<\/td><td>QU\u00cdMICA I (Haro Pece)<\/td><\/tr><tr><td><strong>21,40<\/strong> <strong>22,20<\/strong><\/td><td><strong>7<\/strong><\/td><td>HISTORIA ARGENTINA (Barraza)<\/td><td>&nbsp;<\/td><td>TEOLOG\u00cdA (Raquel T<\/td><td>BIOLOG\u00cdA ( Albarrac\u00edn)<\/td><td>QU\u00cdMICA I (Haro Pece)<\/td><\/tr><\/tbody><\/table><\/figure>\n<\/div><\/div>\n\n\n\n<ul><li><strong><em><u>SEGUNDO A\u00d1O <\/u><\/em><\/strong><\/li><\/ul>\n\n\n\n<div class=\"wp-block-group has-pale-ocean-gradient-background has-background\"><div class=\"wp-block-group__inner-container is-layout-flow\">\n<figure class=\"wp-block-table is-style-regular\"><table><tbody><tr><td>&nbsp;<\/td><td>&nbsp;<\/td><td><strong>LUNES<\/strong><\/td><td><strong>MARTES<\/strong><\/td><td><strong>MI\u00c9RCOLES<\/strong><\/td><td><strong>JUEVES<\/strong><\/td><td><strong>VIERNES<\/strong><\/td><\/tr><tr><td><strong>16<\/strong> <strong>17,20<\/strong><\/td><td><strong>P<\/strong> <strong>&nbsp;<\/strong><\/td><td>PRACTICA II (Gacioppo)<\/td><td><strong>&nbsp;<\/strong><\/td><td>&nbsp;<\/td><td>&nbsp;<\/td><td>&nbsp;<\/td><\/tr><tr><td><strong>17,20<\/strong> <strong>18<\/strong><\/td><td><strong>1<\/strong><\/td><td>DIDACTICA GRAL (David)<\/td><td>SUJETO DE LA EDUC. (Bola\u00f1ez)<\/td><td>&nbsp;<\/td><td>SOCIOLOG\u00cdA EDUC (Yonatan C)<\/td><td>TEOLOG\u00cdA II (Cuellar)<\/td><\/tr><tr><td><strong>18<\/strong> <strong>18,40<\/strong><\/td><td><strong>2<\/strong><\/td><td>DIDACTICA GRAL (David)<\/td><td>SUJETO DE LA EDUC.<\/td><td>QU\u00cdMICA II (Haro Pece)<\/td><td>SOCIOLOG\u00cdA EDUC<\/td><td>TEOLOG\u00cdA II (Cuellar)<\/td><\/tr><tr><td><strong>18.40<\/strong> <strong>19,20<\/strong><\/td><td><strong>3<\/strong><\/td><td>SUJETO DE LA EDUC. (Bola\u00f1ez)<\/td><td>DIDACTICA GRAL (David)<\/td><td>QU\u00cdMICA II (Haro Pece)<\/td><td>PRACTICA II (Gacioppo)<\/td><td>QU\u00cdMICA II (Haro Pece)<\/td><\/tr><tr><td><strong>19,30<\/strong> <strong>20,10<\/strong><\/td><td><strong>4<\/strong><\/td><td>SUJETO DE LA EDUC. (Bola\u00f1ez)<\/td><td>DIDACTICA GRAL (David)<\/td><td>F\u00cdSICA BIOL\u00d3GICA II ( Canavides)<\/td><td>PRACTICA II (Gacioppo)<\/td><td>QU\u00cdMICA II (Haro Pece)<\/td><\/tr><tr><td>&nbsp; <strong>20,50<\/strong><\/td><td><strong>5<\/strong><\/td><td>BIOLOG\u00cdA HUMANA I (Cruce\u00f1o)<\/td><td>TRABAJO EXPERIMENTAL EN BIOLOG\u00cdA (Haro Pece)<\/td><td>F\u00cdSICA BIOL\u00d3GICA II ( Canavides)<\/td><td>F\u00cdSICA BIOL\u00d3GICA II ( Canavides)<\/td><td>SOCIOLOG\u00cdA EDUC (Yonatan C)<\/td><\/tr><tr><td><strong>21,00<\/strong> <strong>21,40<\/strong><\/td><td><strong>6<\/strong><\/td><td>BIOLOG\u00cdA HUMANA I (Cruce\u00f1o)<\/td><td>TRABAJO EXPERIMENTAL EN BIOLOG\u00cdA<\/td><td>BIOLOG\u00cdA HUMANA I<\/td><td>F\u00cdSICA BIOL\u00d3GICA II ( Canavides)<\/td><td>SOCIOLOG\u00cdA EDUC<\/td><\/tr><tr><td>&nbsp; <strong>22,20<\/strong><\/td><td><strong>7<\/strong><\/td><td>&nbsp;<\/td><td>TRABAJO EXP EN BIOLOG\u00cdA<\/td><td>BIOLOG\u00cdA HUMANA I (Cruce\u00f1o)<\/td><td>&nbsp;<\/td><td>&nbsp;<\/td><\/tr><\/tbody><\/table><\/figure>\n<\/div><\/div>\n\n\n\n<ul><li><strong><u> TERCER A\u00d1O&nbsp;<\/u><\/strong><\/li><\/ul>\n\n\n\n<div class=\"wp-block-group has-electric-grass-gradient-background has-background\"><div class=\"wp-block-group__inner-container is-layout-flow\">\n<div class=\"wp-block-group\"><div class=\"wp-block-group__inner-container is-layout-flow\">\n<figure class=\"wp-block-table is-style-regular\"><table><tbody><tr><td>&nbsp;<\/td><td>&nbsp;<\/td><td><strong>LUNES<\/strong><\/td><td><strong>MARTES<\/strong><\/td><td><strong>MI\u00c9RCOLES<\/strong><\/td><td><strong>JUEVES<\/strong><\/td><td><strong>VIERNES<\/strong><\/td><\/tr><tr><td><strong>16<\/strong> <strong>17,20<\/strong><\/td><td><strong>P<\/strong> <strong>&nbsp;<\/strong><\/td><td><strong>&nbsp;<\/strong><\/td><td><strong>&nbsp;<\/strong><\/td><td>MORFOSIOVEG (Amin) 2 hs<\/td><td><strong>&nbsp;<\/strong><\/td><td>PRACTICA III (Guzm\u00e1n) 1h<\/td><\/tr><tr><td><strong>17,20<\/strong> <strong>18<\/strong><\/td><td><strong>1<\/strong><\/td><td>BIOLOG\u00cdA MOL.Y CEL (Amin)<\/td><td>&nbsp;<\/td><td>BIOLOG\u00cdA MOL.Y CEL (Amin)<\/td><td>PRACTICA III (Guzm\u00e1n)<\/td><td>PRACTICA III (Guzm\u00e1n)<\/td><\/tr><tr><td><strong>18<\/strong> <strong>18,40<\/strong><\/td><td><strong>2<\/strong><\/td><td>BIOLOG\u00cdA MOL.Y CEL (Amin)<\/td><td>MORFOSIOVEG (Amin)<\/td><td>BIOLOG\u00cdA MOL.Y CEL(Amin)<\/td><td>PRACTICA III (Guzm\u00e1n)<\/td><td>PRACTICA III (Guzm\u00e1n)<\/td><\/tr><tr><td><strong>18.40<\/strong> <strong>19,20<\/strong><\/td><td><strong>3<\/strong><\/td><td>MORFOFISIOANIM (Fern\u00e1ndez)<\/td><td>BIOLOG\u00cdA HUM II (Cruce\u00f1o)<\/td><td>BIOLOG\u00cdA MOL.Y CEL (Amin)<\/td><td>PRACTICA III (Guzm\u00e1n)<\/td><td>DIDACTICA&nbsp; BIOLOG\u00cdA (Albarrac\u00edn)<\/td><\/tr><tr><td><strong>19,30<\/strong> <strong>20,10<\/strong><\/td><td><strong>4<\/strong><\/td><td>MORFOFISIOANIM (Fern\u00e1ndez)<\/td><td>BIOLOG\u00cdA HUM II (Cruce\u00f1o)<\/td><td>EPISTEMOLOG\u00cdA (Cruce\u00f1o)<\/td><td>TEOLOG\u00cdA III (Cuellar)<\/td><td>DIDACTICA&nbsp; BIOLOG\u00cdA (Albarrac\u00edn)<\/td><\/tr><tr><td><strong>20.10<\/strong> <strong>20,50<\/strong><\/td><td><strong>5<\/strong><\/td><td>MORFOFISIOANIM (Fern\u00e1ndez)<\/td><td>BIOLOG\u00cdA HUM II (Cruce\u00f1o)<\/td><td>EPISTEMOLOG\u00cdA (Cruce\u00f1o)<\/td><td>TEOLOG\u00cdA III (Cuellar)<\/td><td>&nbsp;<\/td><\/tr><tr><td><strong>21,00<\/strong> <strong>21,40<\/strong><\/td><td><strong>6<\/strong><\/td><td>MORFOSIOVEG (Am\u00edn)<\/td><td>EPISTEMOLOG\u00cdA (cruce\u00f1o)<\/td><td>DIDACTICA&nbsp; BIOLOG\u00cdA (Albarrac\u00edn)<\/td><td>MORFOFISIOANIM (Fern\u00e1ndez)<\/td><td>&nbsp;<\/td><\/tr><tr><td>&nbsp; <strong>21,40<\/strong> <strong>22,20<\/strong><\/td><td><strong>7<\/strong><\/td><td>MORFOSIOVEG (Am\u00edn)<\/td><td>EPISTEMOLOG\u00cdA (Cruce\u00f1o)<\/td><td>DIDACTICA&nbsp; BIOLOG\u00cdA (Albarrac\u00edn)<\/td><td>MORFOFISIOANIM (Fern\u00e1ndez)<\/td><td>&nbsp;<\/td><\/tr><\/tbody><\/table><\/figure>\n<\/div><\/div>\n<\/div><\/div>\n\n\n\n<ul><li><strong><u>CUARTO A\u00d1O <\/u><\/strong><\/li><\/ul>\n\n\n\n<div class=\"wp-block-columns is-layout-flex wp-container-6\">\n<div class=\"wp-block-column is-layout-flow\" style=\"flex-basis:100%\">\n<figure class=\"wp-block-table is-style-regular\"><table class=\"has-subtle-pale-green-background-color has-background\"><tbody><tr><td>&nbsp;<\/td><td>&nbsp;<\/td><td><strong>LUNES<\/strong><\/td><td><strong>MARTES<\/strong><\/td><td><strong>MI\u00c9RCOLES<\/strong><\/td><td><strong>JUEVES<\/strong><\/td><td><strong>VIERNES<\/strong><\/td><\/tr><tr><td><strong>16<\/strong> <strong>17,20<\/strong><\/td><td><strong>P<\/strong> <strong>&nbsp;<\/strong><\/td><td>&nbsp;<\/td><td><strong>&nbsp;<\/strong><\/td><td>&nbsp;<\/td><td>BIOD. VEGETAL (Albarracin)<\/td><td>BIOD. VEGETAL (Albarracin)<\/td><\/tr><tr><td><strong>17,20<\/strong> <strong>18<\/strong><\/td><td><strong>1<\/strong><\/td><td>ECOLOG\u00cdA (Olivera)<\/td><td>FORMACI\u00d3N \u00c9TICA (Olivera)<\/td><td>&nbsp;<\/td><td>BIOD. VEGETAL (Albarracin)<\/td><td>BIOD. VEGETAL (Albarracin)<\/td><\/tr><tr><td><strong>18<\/strong> <strong>18,40<\/strong><\/td><td><strong>2<\/strong><\/td><td>ECOLOG\u00cdA (Olivera)<\/td><td>FORMACI\u00d3N \u00c9TICA (Olivera)<\/td><td>&nbsp;<\/td><td>BIOD. VEGETAL (Albarracin)<\/td><td>BIOD. VEGETAL (Albarracin)<\/td><\/tr><tr><td><strong>18,40<\/strong> &nbsp; <strong>19,20<\/strong><\/td><td><strong>3<\/strong><\/td><td>ECOLOG\u00cdA (Olivera)<\/td><td>ECOLOG\u00cdA (Olivera)<\/td><td>&nbsp;<\/td><td>GEN\u00c9TICA (Fern\u00e1ndez)<\/td><td>RESIDENCIA (Amin)<\/td><\/tr><tr><td><strong>19,30<\/strong> <strong>20,10<\/strong><\/td><td><strong>4<\/strong><\/td><td>TEOLOG\u00cdA (Cuellar) &nbsp;<\/td><td>ECOLOG\u00cdA (Olivera)<\/td><td>RESIDENCIA (Amin)<\/td><td>GEN\u00c9TICA (Fern\u00e1ndez)<\/td><td>RESIDENCIA (Amin)<\/td><\/tr><tr><td><strong>20.10<\/strong> <strong>20,50<\/strong><\/td><td><strong>5<\/strong><\/td><td>TEOLOG\u00cdA (Cuellar)<\/td><td>RESIDENCIA (Amin)<\/td><td>RESIDENCIA (Amin)<\/td><td>FORMACI\u00d3N \u00c9TICA (Olivera)<\/td><td>RESIDENCIA (Amin)<\/td><\/tr><tr><td><strong>21,00<\/strong> <strong>21,40<\/strong><\/td><td><strong>6<\/strong><\/td><td>GEN\u00c9TICA (Fern\u00e1ndez) &nbsp;<\/td><td>RESIDENCIA (Amin)<\/td><td>RESIDENCIA (Amin)<\/td><td>FORMACI\u00d3N \u00c9TICA (Olivera)<\/td><td>&nbsp;<\/td><\/tr><tr><td>&nbsp; <strong>21.40<\/strong> <strong>22,20<\/strong><\/td><td><strong>7<\/strong><\/td><td>GEN\u00c9TICA (Fern\u00e1ndez)<\/td><td>RESIDENCIA (Amin)<\/td><td>RESIDENCIA (Amin)<\/td><td>&nbsp;<\/td><td>&nbsp;<\/td><\/tr><\/tbody><\/table><\/figure>\n<\/div>\n<\/div>\n\n\n\n<p><\/p>\n","protected":false},"excerpt":{"rendered":"<p>PROFESORADO DE BIOLOG\u00cdA 2022 &#8211; PRIMER A\u00d1O- (1C) &nbsp; &nbsp; LUNES MARTES MI\u00c9RCOLES JUEVES VIERNES 16 17,20 P &nbsp; &nbsp; &nbsp; &nbsp; PRACTICA I (Trejo)(2hs) &nbsp; 17,20 18 1 PEDAGOG\u00cdA (Gacioppo) QU\u00cdMICA (Haro Pece) MATEM\u00c1TICA ( Canavides) ALFABETIZACI\u00d3N (E.Garcia Fattor)) &nbsp;&nbsp;&nbsp;&nbsp;&nbsp;&nbsp; PEDAGOG\u00cdA ( Gacioppo) 18 18,40 2 PEDAGOG\u00cdA (Gacioppo) QU\u00cdMICA (Haro Pece) MATEM\u00c1TICA ( Canavides) &#8230; <a title=\"Horarios de Clases PROFESORADO EN BIOLOGIA 2022\" class=\"read-more\" href=\"https:\/\/profchizzolini-sgo.infd.edu.ar\/sitio\/horarios-de-clases-profesorado-en-biologia\/\" aria-label=\"More on Horarios de Clases PROFESORADO EN BIOLOGIA 2022\">[+]<\/a><\/p>\n","protected":false},"author":625,"featured_media":1006,"parent":0,"menu_order":0,"comment_status":"closed","ping_status":"closed","template":"","meta":[],"acf":[],"_links":{"self":[{"href":"https:\/\/profchizzolini-sgo.infd.edu.ar\/sitio\/wp-json\/wp\/v2\/pages\/792"}],"collection":[{"href":"https:\/\/profchizzolini-sgo.infd.edu.ar\/sitio\/wp-json\/wp\/v2\/pages"}],"about":[{"href":"https:\/\/profchizzolini-sgo.infd.edu.ar\/sitio\/wp-json\/wp\/v2\/types\/page"}],"author":[{"embeddable":true,"href":"https:\/\/profchizzolini-sgo.infd.edu.ar\/sitio\/wp-json\/wp\/v2\/users\/625"}],"replies":[{"embeddable":true,"href":"https:\/\/profchizzolini-sgo.infd.edu.ar\/sitio\/wp-json\/wp\/v2\/comments?post=792"}],"version-history":[{"count":8,"href":"https:\/\/profchizzolini-sgo.infd.edu.ar\/sitio\/wp-json\/wp\/v2\/pages\/792\/revisions"}],"predecessor-version":[{"id":1054,"href":"https:\/\/profchizzolini-sgo.infd.edu.ar\/sitio\/wp-json\/wp\/v2\/pages\/792\/revisions\/1054"}],"wp:featuredmedia":[{"embeddable":true,"href":"https:\/\/profchizzolini-sgo.infd.edu.ar\/sitio\/wp-json\/wp\/v2\/media\/1006"}],"wp:attachment":[{"href":"https:\/\/profchizzolini-sgo.infd.edu.ar\/sitio\/wp-json\/wp\/v2\/media?parent=792"}],"curies":[{"name":"wp","href":"https:\/\/api.w.org\/{rel}","templated":true}]}}