{"id":841,"date":"2022-02-24T20:12:00","date_gmt":"2022-02-24T23:12:00","guid":{"rendered":"https:\/\/profchizzolini-sgo.infd.edu.ar\/sitio\/?page_id=841"},"modified":"2024-09-06T18:35:02","modified_gmt":"2024-09-06T21:35:02","slug":"examenes-abril-2021","status":"publish","type":"page","link":"https:\/\/profchizzolini-sgo.infd.edu.ar\/sitio\/examenes-abril-2021\/","title":{"rendered":"EX\u00c1MENES SEPTIEMBRE 2024"},"content":{"rendered":"\n<p><strong>\u00a0EXAMENES TURNO\u00a0 SEPTIEMBRE 2024\u2013PROFESORADO DE BIOLOG\u00cdA<\/strong><\/p>\n\n\n\n<p><strong>\u00a1RECORDAR QUE ES UN SOLO LLAMADO!<\/strong><\/p>\n\n\n\n<p><strong>HORARIO DE INICIO 17.20<\/strong><\/p>\n\n\n\n<p><strong>24\/09 AL 30\/09 &#8211;\u00a0<\/strong><\/p>\n\n\n\n<p><\/p>\n\n\n\n<figure class=\"wp-block-table is-style-stripes\"><table><tbody><tr><td><strong>ASIGNATURA<\/strong><\/td><td colspan=\"2\"><strong>&nbsp;&nbsp;&nbsp;&nbsp; MESA<\/strong><\/td><td colspan=\"3\"><strong>TITULARES&nbsp;&nbsp;&nbsp;&nbsp;&nbsp;&nbsp;&nbsp;&nbsp;&nbsp;&nbsp;&nbsp;&nbsp;&nbsp;&nbsp;&nbsp;&nbsp;&nbsp;&nbsp;&nbsp;&nbsp;&nbsp;&nbsp;&nbsp;&nbsp;&nbsp;&nbsp;&nbsp;&nbsp;&nbsp;&nbsp;&nbsp;&nbsp;&nbsp;&nbsp;&nbsp; SUPLENTES<\/strong><\/td><\/tr><tr><td><strong>24\/09<\/strong><\/td><td>Did\u00e1ctica de la Biolog\u00eda &nbsp;<\/td><td colspan=\"2\">Paz Noelia Florencia Albarrac\u00edn Ang\u00e9lica David<\/td><td>Vero Di Piazza<\/td><td>&nbsp;<\/td><\/tr><tr><td><\/td><td>Psicolog\u00eda Educacional Sujeto de la Educaci\u00f3n Did\u00e1ctica General &nbsp;<\/td><td colspan=\"2\">Lourdes Gacioppo Sandra Bola\u00f1ez David Ang\u00e9lica<\/td><td>&nbsp; Axel Fern\u00e1ndez &nbsp;<\/td><td>&nbsp;<\/td><\/tr><tr><td><strong>25\/09<\/strong><\/td><td>&nbsp;Matem\u00e1tica F\u00edsica&nbsp; I &#8211; II &nbsp;<\/td><td colspan=\"2\">Mat\u00edas Ponce Mat\u00edas Esp\u00edndola Ruiz Teresita<\/td><td>Cuellar Yonatan<\/td><td>&nbsp;<\/td><\/tr><tr><td><\/td><td>Teolog\u00eda I \u2013 II- III \u2013 IV Formaci\u00f3n \u00c9tica y C. &nbsp;<\/td><td colspan=\"2\">Yonatan Cuellar Raquel Toloza Juan Pablo M. Pereyra<\/td><td>&nbsp; Arga\u00f1araz Lucila<\/td><td>&nbsp;<\/td><\/tr><tr><td><strong>26\/09<\/strong><\/td><td>&nbsp; Evoluci\u00f3n &nbsp;Epistemolog\u00eda e Historia de las Cs.&nbsp; Cs de la Tierra<\/td><td colspan=\"2\">Olivera Lucia Rosana Cruce\u00f1o Florencia Albarrac\u00edn<\/td><td>Gonz\u00e1lez Bel\u00e9n<\/td><td>&nbsp;<\/td><\/tr><tr><td><\/td><td>Qu\u00edmica I &#8211; II Gen\u00e9tica \u2013 Biolog\u00eda de los Microorganismos &nbsp;<\/td><td colspan=\"2\">Eugenia Haro Pece Axel Fern\u00e1ndez Salom Alicia Peralta<\/td><td>Rosana Cruce\u00f1o<\/td><td>&nbsp;<\/td><\/tr><tr><td><strong>27\/09<\/strong><\/td><td>Biolog\u00eda Biolog\u00eda Humana I y II &nbsp;Biotecnolog\u00eda &nbsp; &nbsp;<\/td><td colspan=\"2\">Rosana Cruce\u00f1o Lucia Olivera Paz Noelia<\/td><td>&nbsp; Guzm\u00e1n Cecilia<\/td><td>&nbsp;<\/td><\/tr><tr><td><\/td><td>Morfo Fisiolog\u00eda Animal I Biolog\u00eda Celular y Molecular Biodiversidad Animal &nbsp;<\/td><td colspan=\"2\">Axel Fern\u00e1ndez Salom Eugenia Am\u00edn Peralta Alicia<\/td><td>Gallardo Diego<\/td><td>&nbsp;<\/td><\/tr><tr><td><a><\/a><strong>30\/09<\/strong><\/td><td>Tecnolog\u00eda de la Inf. y Comunicaci\u00f3n &nbsp;<\/td><td colspan=\"2\">Ver\u00f3nica Di Piazza German Escudero Adauto Cesar<\/td><td>&nbsp; Federico Avalos<\/td><td>&nbsp;<\/td><\/tr><tr><td><\/td><td>&nbsp;&nbsp;&nbsp; Historia Argentina Historia de la Educaci\u00f3n Filosof\u00eda Sociolog\u00eda de la Educaci\u00f3n Pedagog\u00eda &nbsp;<\/td><td colspan=\"2\">&nbsp; Bel\u00e9n Barraza Yonatan Cuellar Lourdes Gacioppo<\/td><td>&nbsp; &nbsp;Diego Gallardo &nbsp;<\/td><td>&nbsp;<\/td><\/tr><tr><td><\/td><td>Biodiversidad Vegetal Morfo Fisiolog\u00eda Vegetal I Biodiversidad Vegetal II &nbsp;<\/td><td colspan=\"2\">Paz Noelia Eugenia Am\u00edn Florencia Albarrac\u00edn<\/td><td>German Escudero<\/td><td>&nbsp;<\/td><\/tr><tr><td><\/td><td><\/td><td><\/td><td><\/td><td><\/td><td><\/td><\/tr><\/tbody><\/table><\/figure>\n\n\n\n<p>OBSERVACIONES:<\/p>\n\n\n\n<p><strong>La Instituci\u00f3n tiene la facultad de re ubicar al docente en otras mesas, si lo necesitara, en la fecha comunicada. Los suplentes deben presentarse el d\u00eda y la hora notificados y solamente se retirar\u00e1n de la Instituci\u00f3n, una vez que se hayan conformado todas las mesas examinadoras.<\/strong><\/p>\n\n\n\n<p><strong>EXAMENES TURNO SEPTIEMBRE 2024\u2013PROFESORADO DE ED. PRIMARIA<\/strong><\/p>\n\n\n\n<p><strong>24\/09 AL 30\/09 &nbsp;&nbsp;<\/strong><\/p>\n\n\n\n<p><strong>HORARIO DE INICIO 17.20<\/strong><\/p>\n\n\n\n<figure class=\"wp-block-table is-style-stripes\"><table><tbody><tr><td><strong>&nbsp;&nbsp;&nbsp;&nbsp;&nbsp;&nbsp;&nbsp;&nbsp; ASIGNATURA<\/strong><\/td><td><strong>&nbsp;&nbsp;&nbsp;&nbsp;&nbsp;&nbsp;&nbsp;&nbsp; MESA<\/strong><\/td><td colspan=\"3\"><strong>TITULARES&nbsp;&nbsp;&nbsp;&nbsp;&nbsp;&nbsp;&nbsp;&nbsp;&nbsp;&nbsp;&nbsp;&nbsp;&nbsp;&nbsp;&nbsp;&nbsp;&nbsp;&nbsp;&nbsp; SUPLENTE<\/strong><\/td><\/tr><tr><td><strong>24\/09<\/strong><\/td><td>Matem\u00e1tica Did\u00e1ctica de la Matem\u00e1tica &nbsp;<\/td><td>M\u00f3nica Medina Mat\u00edas Ponce Mat\u00edas&nbsp; Esp\u00edndola<\/td><td>&nbsp; Lourdes Gacioppo<\/td><td>&nbsp;<\/td><\/tr><tr><td><strong>&nbsp;<\/strong><\/td><td>Sujeto del Nivel Primario Did\u00e1ctica Gral. Psicolog\u00eda Educacional &nbsp;<\/td><td>Sandra Bola\u00f1ez Ang\u00e9lica David Lourdes Gacioppo &nbsp;<\/td><td>Bel\u00e9n Barraza<\/td><td>&nbsp;<\/td><\/tr><tr><td><strong>25\/09<\/strong><\/td><td>&nbsp;&nbsp;&nbsp;&nbsp;&nbsp;&nbsp;&nbsp;&nbsp; Ciencias Naturales Did\u00e1ctica de las Cs. Naturales Educaci\u00f3n S. Integral<\/td><td>Bel\u00e9n Gonz\u00e1lez Paz Noelia Peralta Alicia<\/td><td>Vero Di Piazza<\/td><td>&nbsp;<\/td><\/tr><tr><td><\/td><td>Lengua y Literatura Literatura Infanto Juvenil Alfabetizaci\u00f3n Inicial Expresi\u00f3n Art. Pl\u00e1stica &nbsp;<\/td><td>M\u00f3nica Medina Eugenia Garc\u00eda Fattor Avalos Federico<\/td><td>Olivera Lucia<\/td><td>&nbsp;<\/td><\/tr><tr><td><strong>26\/09<\/strong><\/td><td>Did\u00e1ctica de la Lengua Alfabetizaci\u00f3n Acad\u00e9mica &nbsp;<\/td><td>M\u00f3nica Medina Eugenia G. Fattor Teresita Ruiz<\/td><td>&nbsp; Graciela Saltos<\/td><td>&nbsp;<\/td><\/tr><tr><td><\/td><td>Formaci\u00f3n \u00c9tica y Ciudadana Ciencias Sociales Expresi\u00f3n Art\u00edstica M\u00fasica<\/td><td>Susana Salto Juan Zamboni Gallardo Diego<\/td><td>Sandra Bola\u00f1ez &nbsp;<\/td><td>&nbsp;<\/td><\/tr><tr><td><strong>27\/09<\/strong><\/td><td>Pedagog\u00eda Sociolog\u00eda de la Educaci\u00f3n Filosof\u00eda de la educ. Historia de Sgo. Del Estero<\/td><td>N\u00e9stor Trejo Yonatan Cuellar Salto Susana<\/td><td>&nbsp; Federico Avalos<\/td><td>&nbsp;<\/td><\/tr><tr><td><\/td><td>Historia Argentina Historia de la Educaci\u00f3n Did\u00e1ctica de las Cs Sociales Teolog\u00eda I,II,III, IV &nbsp;<\/td><td>Juan Zamboni Lucia Olivera Raquel Toloza<\/td><td>Guzm\u00e1n Cecilia<\/td><td>&nbsp;<\/td><\/tr><tr><td><strong>30\/09<\/strong><\/td><td>Tecnolog\u00eda de la Inf. y Comunicaci\u00f3n Educaci\u00f3n Tecnol\u00f3gica y su did\u00e1ctica Educaci\u00f3n F\u00edsica<\/td><td>German Escudero Adauto Cesar Ver\u00f3nica Di Piazza<\/td><td>Gallardo Diego<\/td><td>&nbsp;<\/td><\/tr><tr><td><\/td><td>&nbsp; Alfabetizaci\u00f3n Num\u00e9rica &nbsp;<\/td><td>Mat\u00edas Esp\u00edndola Beatriz Ledesma Mat\u00edas Ponce<\/td><td>Sandra Bola\u00f1ez<\/td><td>&nbsp;<\/td><\/tr><tr><td><\/td><td>\u00c9tica y Deontolog\u00eda Condici\u00f3n del Trabajo Integraci\u00f3n e Inclusi\u00f3n Legislaci\u00f3n Escolar<\/td><td>Jaime Marcela Ruiz Teresita Arga\u00f1araz Lucila<\/td><td>Graciela Saltos<\/td><td>&nbsp;<\/td><\/tr><\/tbody><\/table><\/figure>\n\n\n\n<p>OBSERVACIONES:<\/p>\n\n\n\n<p><strong>La Instituci\u00f3n tiene la facultad de re ubicar al docente en otras mesas, si lo necesitara, en la fecha comunicada.<\/strong><\/p>\n\n\n\n<p><strong>Los suplentes deben presentarse el d\u00eda y la hora notificados y solamente se retirar\u00e1n de la Instituci\u00f3n, una vez que se hayan conformado todas las mesas examinadoras.<\/strong><\/p>\n","protected":false},"excerpt":{"rendered":"<p>\u00a0EXAMENES TURNO\u00a0 SEPTIEMBRE 2024\u2013PROFESORADO DE BIOLOG\u00cdA \u00a1RECORDAR QUE ES UN SOLO LLAMADO! HORARIO DE INICIO 17.20 24\/09 AL 30\/09 &#8211;\u00a0 ASIGNATURA &nbsp;&nbsp;&nbsp;&nbsp; MESA TITULARES&nbsp;&nbsp;&nbsp;&nbsp;&nbsp;&nbsp;&nbsp;&nbsp;&nbsp;&nbsp;&nbsp;&nbsp;&nbsp;&nbsp;&nbsp;&nbsp;&nbsp;&nbsp;&nbsp;&nbsp;&nbsp;&nbsp;&nbsp;&nbsp;&nbsp;&nbsp;&nbsp;&nbsp;&nbsp;&nbsp;&nbsp;&nbsp;&nbsp;&nbsp;&nbsp; SUPLENTES 24\/09 Did\u00e1ctica de la Biolog\u00eda &nbsp; Paz Noelia Florencia Albarrac\u00edn Ang\u00e9lica David Vero Di Piazza &nbsp; Psicolog\u00eda Educacional Sujeto de la Educaci\u00f3n Did\u00e1ctica General &nbsp; Lourdes Gacioppo Sandra Bola\u00f1ez David &#8230; <a title=\"EX\u00c1MENES SEPTIEMBRE 2024\" class=\"read-more\" href=\"https:\/\/profchizzolini-sgo.infd.edu.ar\/sitio\/examenes-abril-2021\/\" aria-label=\"More on EX\u00c1MENES SEPTIEMBRE 2024\">[+]<\/a><\/p>\n","protected":false},"author":625,"featured_media":0,"parent":0,"menu_order":0,"comment_status":"closed","ping_status":"closed","template":"","meta":[],"acf":[],"_links":{"self":[{"href":"https:\/\/profchizzolini-sgo.infd.edu.ar\/sitio\/wp-json\/wp\/v2\/pages\/841"}],"collection":[{"href":"https:\/\/profchizzolini-sgo.infd.edu.ar\/sitio\/wp-json\/wp\/v2\/pages"}],"about":[{"href":"https:\/\/profchizzolini-sgo.infd.edu.ar\/sitio\/wp-json\/wp\/v2\/types\/page"}],"author":[{"embeddable":true,"href":"https:\/\/profchizzolini-sgo.infd.edu.ar\/sitio\/wp-json\/wp\/v2\/users\/625"}],"replies":[{"embeddable":true,"href":"https:\/\/profchizzolini-sgo.infd.edu.ar\/sitio\/wp-json\/wp\/v2\/comments?post=841"}],"version-history":[{"count":19,"href":"https:\/\/profchizzolini-sgo.infd.edu.ar\/sitio\/wp-json\/wp\/v2\/pages\/841\/revisions"}],"predecessor-version":[{"id":1096,"href":"https:\/\/profchizzolini-sgo.infd.edu.ar\/sitio\/wp-json\/wp\/v2\/pages\/841\/revisions\/1096"}],"wp:attachment":[{"href":"https:\/\/profchizzolini-sgo.infd.edu.ar\/sitio\/wp-json\/wp\/v2\/media?parent=841"}],"curies":[{"name":"wp","href":"https:\/\/api.w.org\/{rel}","templated":true}]}}